{"id":5872,"date":"2019-02-01T04:16:46","date_gmt":"2019-02-01T04:16:46","guid":{"rendered":"http:\/\/alihs.org\/informacion-2\/asociaciones-grupos-seminarios\/"},"modified":"2019-02-22T01:02:30","modified_gmt":"2019-02-22T01:02:30","slug":"asociaciones-grupos-seminarios","status":"publish","type":"page","link":"http:\/\/alihs.org\/pt-pt\/informacion-2\/asociaciones-grupos-seminarios\/","title":{"rendered":"Associa\u00e7\u00f5es, grupos, semin\u00e1rios"},"content":{"rendered":"<\/p>\n","protected":false},"excerpt":{"rendered":"","protected":false},"author":1,"featured_media":0,"parent":5862,"menu_order":0,"comment_status":"closed","ping_status":"closed","template":"","meta":[],"_links":{"self":[{"href":"http:\/\/alihs.org\/pt-pt\/wp-json\/wp\/v2\/pages\/5872\/"}],"collection":[{"href":"http:\/\/alihs.org\/pt-pt\/wp-json\/wp\/v2\/pages\/"}],"about":[{"href":"http:\/\/alihs.org\/pt-pt\/wp-json\/wp\/v2\/types\/page\/"}],"author":[{"embeddable":true,"href":"http:\/\/alihs.org\/pt-pt\/wp-json\/wp\/v2\/users\/1\/"}],"replies":[{"embeddable":true,"href":"http:\/\/alihs.org\/pt-pt\/wp-json\/wp\/v2\/comments\/?post=5872"}],"version-history":[{"count":1,"href":"http:\/\/alihs.org\/pt-pt\/wp-json\/wp\/v2\/pages\/5872\/revisions\/"}],"predecessor-version":[{"id":5904,"href":"http:\/\/alihs.org\/pt-pt\/wp-json\/wp\/v2\/pages\/5872\/revisions\/5904\/"}],"up":[{"embeddable":true,"href":"http:\/\/alihs.org\/pt-pt\/wp-json\/wp\/v2\/pages\/5862\/"}],"wp:attachment":[{"href":"http:\/\/alihs.org\/pt-pt\/wp-json\/wp\/v2\/media\/?parent=5872"}],"curies":[{"name":"wp","href":"https:\/\/api.w.org\/{rel}","templated":true}]}}